{"id":2582,"date":"2023-07-09T06:24:16","date_gmt":"2023-07-09T06:24:16","guid":{"rendered":"https:\/\/relaxed-swartz.87-118-72-17.plesk.page\/?page_id=2582"},"modified":"2025-03-04T14:29:23","modified_gmt":"2025-03-04T14:29:23","slug":"elementor-2582","status":"publish","type":"page","link":"https:\/\/www.strittmatter-bau.de\/index.php\/elementor-2582\/","title":{"rendered":"Impressum"},"content":{"rendered":"<p>Verantwortlich f\u00fcr den Inhalt nach \u00a7 55 Abs. 2 RStV:<\/p>\n<p><strong>Betreiber<\/strong><\/p>\n<p>Florian Strittmatter<\/p>\n<p>Fu\u00dfg\u00f6nheimer Str. 38 A, 67071 Ludwigshafen<\/p>\n<p>Telefon: +49 160 795 42 27<br \/>\nInternet: www.strittmatter-bau.de<br \/>\nEmail: info@strittmatter-bau.de<\/p>\n<p>Ust-Idnr.: DE 814074885<br \/>\n<strong>Grafische Gestaltung\/ Webdesign<\/strong><\/p>\n<p>Ansprechpartner:<\/p>\n<p>Manuel Hanke<br \/>\nWebdesigner<\/p>\n<p><a href=\"https:\/\/www.websilencer.de\" target=\"_blank\" rel=\"noopener noreferrer\">www.websilencer.de<\/a><\/p>\n<hr \/>\n<p><strong>Haftung f\u00fcr Inhalte<\/strong><br \/>\nDie Inhalte unserer Seiten wurden mit gr\u00f6\u00dfter Sorgfalt erstellt. F\u00fcr die Richtigkeit, Vollst\u00e4ndigkeit und Aktualit\u00e4t der Inhalte k\u00f6nnen wir jedoch keine Gew\u00e4hr \u00fcbernehmen.<\/p>\n<p>Als Diensteanbieter sind wir gem\u00e4\u00df \u00a7 6 Abs.1 MDStV und \u00a7 8 Abs.1 TDG f\u00fcr eigene Inhalte auf diesen Seiten nach den allgemeinen Gesetzen verantwortlich. Diensteanbieter sind jedoch nicht verpflichtet, die von ihnen \u00fcbermittelten oder gespeicherten fremden Informationen zu \u00fcberwachen oder nach Umst\u00e4nden zu forschen, die auf eine rechtswidrige T\u00e4tigkeit hinweisen. Verpflichtungen zur Entfernung oder Sperrung der Nutzung von Informationen nach den allgemeinen Gesetzen bleiben hiervon unber\u00fchrt. Eine diesbez\u00fcgliche Haftung ist jedoch erst ab dem Zeitpunkt der Kenntnis einer konkreten Rechtsverletzung m\u00f6glich. Bei bekannt werden von entsprechenden Rechtsverletzungen werden wir diese Inhalte umgehend entfernen.<\/p>\n<p><strong>Haftung f\u00fcr Links<\/strong><\/p>\n<p>Unser Angebot enth\u00e4lt Links zu externen Webseiten Dritter, auf deren Inhalte wir keinen Einfluss haben. Deshalb k\u00f6nnen wir f\u00fcr diese fremden Inhalte auch keine Gew\u00e4hr \u00fcbernehmen. F\u00fcr die Inhalte der verlinkten Seiten ist stets der jeweilige Anbieter oder Betreiber der Seiten verantwortlich. Die verlinkten Seiten wurden zum Zeitpunkt der Verlinkung auf m\u00f6gliche Rechtsverst\u00f6\u00dfe \u00fcberpr\u00fcft. Rechtswidrige Inhalte waren zum Zeitpunkt der Verlinkung nicht erkennbar. Eine permanente inhaltliche Kontrolle der verlinkten Seiten ist jedoch ohne konkrete Anhaltspunkte einer Rechtsverletzung nicht zumutbar. Bei bekannt werden von Rechtsverletzungen werden wir derartige Links umgehend entfernen.<\/p>\n<p><strong>Urheberrecht<\/strong><\/p>\n<p>Alle verwendeten Bilder, Fotos, Grafiken und Motive \u2013 copyright Arte Bau Heidelberg<\/p>\n<p>\u00a9 Picture-Factory \u2013 Fotolia.com<\/p>\n<p>pieds \u00a9 Prod. Num\u00e9rik \u2013 Fotolia.com<\/p>\n<p>Die durch die Seitenbetreiber erstellten Inhalte und Werke auf diesen Seiten unterliegen dem deutschen Urheberrecht. Beitr\u00e4ge Dritter sind als solche gekennzeichnet. Die Vervielf\u00e4ltigung, Bearbeitung, Verbreitung und jede Art der Verwertung au\u00dferhalb der Grenzen des Urheberrechtes bed\u00fcrfen der schriftlichen Zustimmung des jeweiligen Autors bzw. Erstellers. Downloads und Kopien dieser Seite sind nur f\u00fcr den privaten, nicht kommerziellen Gebrauch gestattet.<\/p>\n","protected":false},"excerpt":{"rendered":"<p>Verantwortlich f\u00fcr den Inhalt nach \u00a7 55 Abs. 2 RStV: Betreiber Florian Strittmatter Fu\u00dfg\u00f6nheimer Str. 38 A, 67071 Ludwigshafen Telefon: +49 160 795 42 27 Internet: www.strittmatter-bau.de Email: info@strittmatter-bau.de Ust-Idnr.: DE 814074885 Grafische Gestaltung\/ Webdesign Ansprechpartner: Manuel Hanke Webdesigner www.websilencer.de Haftung f\u00fcr Inhalte Die Inhalte unserer Seiten<\/p>\n","protected":false},"author":1,"featured_media":0,"parent":0,"menu_order":0,"comment_status":"closed","ping_status":"closed","template":"","meta":{"footnotes":""},"class_list":["post-2582","page","type-page","status-publish","hentry"],"_links":{"self":[{"href":"https:\/\/www.strittmatter-bau.de\/index.php\/wp-json\/wp\/v2\/pages\/2582","targetHints":{"allow":["GET"]}}],"collection":[{"href":"https:\/\/www.strittmatter-bau.de\/index.php\/wp-json\/wp\/v2\/pages"}],"about":[{"href":"https:\/\/www.strittmatter-bau.de\/index.php\/wp-json\/wp\/v2\/types\/page"}],"author":[{"embeddable":true,"href":"https:\/\/www.strittmatter-bau.de\/index.php\/wp-json\/wp\/v2\/users\/1"}],"replies":[{"embeddable":true,"href":"https:\/\/www.strittmatter-bau.de\/index.php\/wp-json\/wp\/v2\/comments?post=2582"}],"version-history":[{"count":12,"href":"https:\/\/www.strittmatter-bau.de\/index.php\/wp-json\/wp\/v2\/pages\/2582\/revisions"}],"predecessor-version":[{"id":2651,"href":"https:\/\/www.strittmatter-bau.de\/index.php\/wp-json\/wp\/v2\/pages\/2582\/revisions\/2651"}],"wp:attachment":[{"href":"https:\/\/www.strittmatter-bau.de\/index.php\/wp-json\/wp\/v2\/media?parent=2582"}],"curies":[{"name":"wp","href":"https:\/\/api.w.org\/{rel}","templated":true}]}}